{"id":3368,"date":"2025-08-28T15:56:24","date_gmt":"2025-08-28T13:56:24","guid":{"rendered":"https:\/\/queixalada.cat\/producto\/dolca\/"},"modified":"2025-11-12T15:22:37","modified_gmt":"2025-11-12T14:22:37","slug":"dolca","status":"publish","type":"product","link":"https:\/\/queixalada.cat\/es\/producto\/dolca\/","title":{"rendered":"DOL\u00c7A"},"content":{"rendered":"<p>Bac\u00f3 Fregit, Xampinyons, formatge de cabra, parmes\u00e0, ceba caramellitzada<\/p>","protected":false},"excerpt":{"rendered":"<p>Bac\u00f3 Fregit, Xampinyons, formatge de cabra, parmes\u00e0, ceba caramellitzada<\/p>","protected":false},"featured_media":3479,"template":"","meta":[],"product_brand":[],"product_cat":[139],"product_tag":[156,153,167,182,151,152,185,165],"class_list":{"0":"post-3368","1":"product","2":"type-product","3":"status-publish","4":"has-post-thumbnail","6":"product_cat-pizzes","7":"product_tag-bacon","8":"product_tag-base-de-tomaquet","9":"product_tag-ceba-caramellitzada","10":"product_tag-formatge-de-cabra","11":"product_tag-mozzarella","12":"product_tag-orenga","13":"product_tag-parmesa","14":"product_tag-xampinyons","16":"first","17":"instock","18":"shipping-taxable","19":"purchasable","20":"product-type-simple"},"yoast_head":"<!-- This site is optimized with the Yoast SEO plugin v24.5 - https:\/\/yoast.com\/wordpress\/plugins\/seo\/ -->\n<title>DOL\u00c7A - La Queixalada - Pizzeria i Hamburgueseria Olot<\/title>\n<meta name=\"robots\" content=\"index, follow, max-snippet:-1, max-image-preview:large, max-video-preview:-1\" \/>\n<link rel=\"canonical\" href=\"https:\/\/queixalada.cat\/es\/producto\/dolca\/\" \/>\n<meta property=\"og:locale\" content=\"es_ES\" \/>\n<meta property=\"og:type\" content=\"article\" \/>\n<meta property=\"og:title\" content=\"DOL\u00c7A - La Queixalada - Pizzeria i Hamburgueseria Olot\" \/>\n<meta property=\"og:description\" content=\"Bac\u00f3 Fregit, Xampinyons, formatge de cabra, parmes\u00e0, ceba caramellitzada\" \/>\n<meta property=\"og:url\" content=\"https:\/\/queixalada.cat\/es\/producto\/dolca\/\" \/>\n<meta property=\"og:site_name\" content=\"La Queixalada - Pizzeria i Hamburgueseria Olot\" \/>\n<meta property=\"article:modified_time\" content=\"2025-11-12T14:22:37+00:00\" \/>\n<meta property=\"og:image\" content=\"https:\/\/queixalada.cat\/wp-content\/uploads\/DOLCA-988x1024.png\" \/>\n\t<meta property=\"og:image:width\" content=\"988\" \/>\n\t<meta property=\"og:image:height\" content=\"1024\" \/>\n\t<meta property=\"og:image:type\" content=\"image\/png\" \/>\n<meta name=\"twitter:card\" content=\"summary_large_image\" \/>\n<meta name=\"twitter:label1\" content=\"Tiempo de lectura\" \/>\n\t<meta name=\"twitter:data1\" content=\"1 minuto\" \/>\n<script type=\"application\/ld+json\" class=\"yoast-schema-graph\">{\"@context\":\"https:\/\/schema.org\",\"@graph\":[{\"@type\":\"WebPage\",\"@id\":\"https:\/\/queixalada.cat\/producto\/dolca\/\",\"url\":\"https:\/\/queixalada.cat\/producto\/dolca\/\",\"name\":\"DOL\u00c7A - La Queixalada - Pizzeria i Hamburgueseria Olot\",\"isPartOf\":{\"@id\":\"https:\/\/queixalada.cat\/es\/#website\"},\"primaryImageOfPage\":{\"@id\":\"https:\/\/queixalada.cat\/producto\/dolca\/#primaryimage\"},\"image\":{\"@id\":\"https:\/\/queixalada.cat\/producto\/dolca\/#primaryimage\"},\"thumbnailUrl\":\"https:\/\/queixalada.cat\/wp-content\/uploads\/DOLCA-scaled.png\",\"datePublished\":\"2025-08-28T13:56:24+00:00\",\"dateModified\":\"2025-11-12T14:22:37+00:00\",\"breadcrumb\":{\"@id\":\"https:\/\/queixalada.cat\/producto\/dolca\/#breadcrumb\"},\"inLanguage\":\"es\",\"potentialAction\":[{\"@type\":\"ReadAction\",\"target\":[\"https:\/\/queixalada.cat\/producto\/dolca\/\"]}]},{\"@type\":\"ImageObject\",\"inLanguage\":\"es\",\"@id\":\"https:\/\/queixalada.cat\/producto\/dolca\/#primaryimage\",\"url\":\"https:\/\/queixalada.cat\/wp-content\/uploads\/DOLCA-scaled.png\",\"contentUrl\":\"https:\/\/queixalada.cat\/wp-content\/uploads\/DOLCA-scaled.png\",\"width\":2471,\"height\":2560},{\"@type\":\"BreadcrumbList\",\"@id\":\"https:\/\/queixalada.cat\/producto\/dolca\/#breadcrumb\",\"itemListElement\":[{\"@type\":\"ListItem\",\"position\":1,\"name\":\"Portada\",\"item\":\"https:\/\/queixalada.cat\/\"},{\"@type\":\"ListItem\",\"position\":2,\"name\":\"Productes\",\"item\":\"https:\/\/queixalada.cat\/productes\/\"},{\"@type\":\"ListItem\",\"position\":3,\"name\":\"DOL\u00c7A\"}]},{\"@type\":\"WebSite\",\"@id\":\"https:\/\/queixalada.cat\/es\/#website\",\"url\":\"https:\/\/queixalada.cat\/es\/\",\"name\":\"La Queixalada - Pizzeria i Hamburgueseria Olot\",\"description\":\"\",\"potentialAction\":[{\"@type\":\"SearchAction\",\"target\":{\"@type\":\"EntryPoint\",\"urlTemplate\":\"https:\/\/queixalada.cat\/es\/?s={search_term_string}\"},\"query-input\":{\"@type\":\"PropertyValueSpecification\",\"valueRequired\":true,\"valueName\":\"search_term_string\"}}],\"inLanguage\":\"es\"}]}<\/script>\n<!-- \/ Yoast SEO plugin. -->","yoast_head_json":{"title":"DOL\u00c7A - La Queixalada - Pizzeria i Hamburgueseria Olot","robots":{"index":"index","follow":"follow","max-snippet":"max-snippet:-1","max-image-preview":"max-image-preview:large","max-video-preview":"max-video-preview:-1"},"canonical":"https:\/\/queixalada.cat\/es\/producto\/dolca\/","og_locale":"es_ES","og_type":"article","og_title":"DOL\u00c7A - La Queixalada - Pizzeria i Hamburgueseria Olot","og_description":"Bac\u00f3 Fregit, Xampinyons, formatge de cabra, parmes\u00e0, ceba caramellitzada","og_url":"https:\/\/queixalada.cat\/es\/producto\/dolca\/","og_site_name":"La Queixalada - Pizzeria i Hamburgueseria Olot","article_modified_time":"2025-11-12T14:22:37+00:00","og_image":[{"width":988,"height":1024,"url":"https:\/\/queixalada.cat\/wp-content\/uploads\/DOLCA-988x1024.png","type":"image\/png"}],"twitter_card":"summary_large_image","twitter_misc":{"Tiempo de lectura":"1 minuto"},"schema":{"@context":"https:\/\/schema.org","@graph":[{"@type":"WebPage","@id":"https:\/\/queixalada.cat\/producto\/dolca\/","url":"https:\/\/queixalada.cat\/producto\/dolca\/","name":"DOL\u00c7A - La Queixalada - Pizzeria i Hamburgueseria Olot","isPartOf":{"@id":"https:\/\/queixalada.cat\/es\/#website"},"primaryImageOfPage":{"@id":"https:\/\/queixalada.cat\/producto\/dolca\/#primaryimage"},"image":{"@id":"https:\/\/queixalada.cat\/producto\/dolca\/#primaryimage"},"thumbnailUrl":"https:\/\/queixalada.cat\/wp-content\/uploads\/DOLCA-scaled.png","datePublished":"2025-08-28T13:56:24+00:00","dateModified":"2025-11-12T14:22:37+00:00","breadcrumb":{"@id":"https:\/\/queixalada.cat\/producto\/dolca\/#breadcrumb"},"inLanguage":"es","potentialAction":[{"@type":"ReadAction","target":["https:\/\/queixalada.cat\/producto\/dolca\/"]}]},{"@type":"ImageObject","inLanguage":"es","@id":"https:\/\/queixalada.cat\/producto\/dolca\/#primaryimage","url":"https:\/\/queixalada.cat\/wp-content\/uploads\/DOLCA-scaled.png","contentUrl":"https:\/\/queixalada.cat\/wp-content\/uploads\/DOLCA-scaled.png","width":2471,"height":2560},{"@type":"BreadcrumbList","@id":"https:\/\/queixalada.cat\/producto\/dolca\/#breadcrumb","itemListElement":[{"@type":"ListItem","position":1,"name":"Portada","item":"https:\/\/queixalada.cat\/"},{"@type":"ListItem","position":2,"name":"Productes","item":"https:\/\/queixalada.cat\/productes\/"},{"@type":"ListItem","position":3,"name":"DOL\u00c7A"}]},{"@type":"WebSite","@id":"https:\/\/queixalada.cat\/es\/#website","url":"https:\/\/queixalada.cat\/es\/","name":"La Queixalada - Pizzeria i Hamburgueseria Olot","description":"","potentialAction":[{"@type":"SearchAction","target":{"@type":"EntryPoint","urlTemplate":"https:\/\/queixalada.cat\/es\/?s={search_term_string}"},"query-input":{"@type":"PropertyValueSpecification","valueRequired":true,"valueName":"search_term_string"}}],"inLanguage":"es"}]}},"_links":{"self":[{"href":"https:\/\/queixalada.cat\/es\/wp-json\/wp\/v2\/product\/3368","targetHints":{"allow":["GET"]}}],"collection":[{"href":"https:\/\/queixalada.cat\/es\/wp-json\/wp\/v2\/product"}],"about":[{"href":"https:\/\/queixalada.cat\/es\/wp-json\/wp\/v2\/types\/product"}],"version-history":[{"count":1,"href":"https:\/\/queixalada.cat\/es\/wp-json\/wp\/v2\/product\/3368\/revisions"}],"predecessor-version":[{"id":3461,"href":"https:\/\/queixalada.cat\/es\/wp-json\/wp\/v2\/product\/3368\/revisions\/3461"}],"wp:featuredmedia":[{"embeddable":true,"href":"https:\/\/queixalada.cat\/es\/wp-json\/wp\/v2\/media\/3479"}],"wp:attachment":[{"href":"https:\/\/queixalada.cat\/es\/wp-json\/wp\/v2\/media?parent=3368"}],"wp:term":[{"taxonomy":"product_brand","embeddable":true,"href":"https:\/\/queixalada.cat\/es\/wp-json\/wp\/v2\/product_brand?post=3368"},{"taxonomy":"product_cat","embeddable":true,"href":"https:\/\/queixalada.cat\/es\/wp-json\/wp\/v2\/product_cat?post=3368"},{"taxonomy":"product_tag","embeddable":true,"href":"https:\/\/queixalada.cat\/es\/wp-json\/wp\/v2\/product_tag?post=3368"}],"curies":[{"name":"wp","href":"https:\/\/api.w.org\/{rel}","templated":true}]}}