{"id":3375,"date":"2025-08-28T15:56:35","date_gmt":"2025-08-28T13:56:35","guid":{"rendered":"https:\/\/queixalada.cat\/producto\/la-dolca\/"},"modified":"2026-03-06T08:12:40","modified_gmt":"2026-03-06T07:12:40","slug":"la-dolca","status":"publish","type":"product","link":"https:\/\/queixalada.cat\/es\/producto\/la-dolca\/","title":{"rendered":"LA DOL\u00c7A"},"content":{"rendered":"<p>Pa bri\u00f2tx, doble carn de vedella, doble de formatge, ceba caramellitzada, bac\u00f3 i salsa rosada<\/p>","protected":false},"excerpt":{"rendered":"<p>Pa bri\u00f2tx, doble carn de vedella, doble de formatge, ceba caramellitzada, bac\u00f3 i salsa rosada<\/p>","protected":false},"featured_media":3529,"template":"","meta":[],"product_brand":[],"product_cat":[140],"product_tag":[156,167,208,209,207,189],"class_list":{"0":"post-3375","1":"product","2":"type-product","3":"status-publish","4":"has-post-thumbnail","6":"product_cat-hamburgueses","7":"product_tag-bacon","8":"product_tag-ceba-caramellitzada","9":"product_tag-doble-carn-de-vedella","10":"product_tag-doble-formatge","11":"product_tag-pa-briotx","12":"product_tag-salsa-rosada","14":"first","15":"instock","16":"shipping-taxable","17":"purchasable","18":"product-type-simple"},"yoast_head":"<!-- This site is optimized with the Yoast SEO plugin v24.5 - https:\/\/yoast.com\/wordpress\/plugins\/seo\/ -->\n<title>LA DOL\u00c7A - La Queixalada - Pizzeria i Hamburgueseria Olot<\/title>\n<meta name=\"robots\" content=\"index, follow, max-snippet:-1, max-image-preview:large, max-video-preview:-1\" \/>\n<link rel=\"canonical\" href=\"https:\/\/queixalada.cat\/es\/producto\/la-dolca\/\" \/>\n<meta property=\"og:locale\" content=\"es_ES\" \/>\n<meta property=\"og:type\" content=\"article\" \/>\n<meta property=\"og:title\" content=\"LA DOL\u00c7A - La Queixalada - Pizzeria i Hamburgueseria Olot\" \/>\n<meta property=\"og:description\" content=\"Pa bri\u00f2tx, doble carn de vedella, doble de formatge, ceba caramellitzada, bac\u00f3 i salsa rosada\" \/>\n<meta property=\"og:url\" content=\"https:\/\/queixalada.cat\/es\/producto\/la-dolca\/\" \/>\n<meta property=\"og:site_name\" content=\"La Queixalada - Pizzeria i Hamburgueseria Olot\" \/>\n<meta property=\"article:modified_time\" content=\"2026-03-06T07:12:40+00:00\" \/>\n<meta property=\"og:image\" content=\"https:\/\/queixalada.cat\/wp-content\/uploads\/La-Dolca.jpg\" \/>\n\t<meta property=\"og:image:width\" content=\"1290\" \/>\n\t<meta property=\"og:image:height\" content=\"1315\" \/>\n\t<meta property=\"og:image:type\" content=\"image\/jpeg\" \/>\n<meta name=\"twitter:card\" content=\"summary_large_image\" \/>\n<meta name=\"twitter:label1\" content=\"Tiempo de lectura\" \/>\n\t<meta name=\"twitter:data1\" content=\"1 minuto\" \/>\n<script type=\"application\/ld+json\" class=\"yoast-schema-graph\">{\"@context\":\"https:\/\/schema.org\",\"@graph\":[{\"@type\":\"WebPage\",\"@id\":\"https:\/\/queixalada.cat\/producto\/la-dolca\/\",\"url\":\"https:\/\/queixalada.cat\/producto\/la-dolca\/\",\"name\":\"LA DOL\u00c7A - La Queixalada - Pizzeria i Hamburgueseria Olot\",\"isPartOf\":{\"@id\":\"https:\/\/queixalada.cat\/es\/#website\"},\"primaryImageOfPage\":{\"@id\":\"https:\/\/queixalada.cat\/producto\/la-dolca\/#primaryimage\"},\"image\":{\"@id\":\"https:\/\/queixalada.cat\/producto\/la-dolca\/#primaryimage\"},\"thumbnailUrl\":\"https:\/\/queixalada.cat\/wp-content\/uploads\/La-Dolca.jpg\",\"datePublished\":\"2025-08-28T13:56:35+00:00\",\"dateModified\":\"2026-03-06T07:12:40+00:00\",\"breadcrumb\":{\"@id\":\"https:\/\/queixalada.cat\/producto\/la-dolca\/#breadcrumb\"},\"inLanguage\":\"es\",\"potentialAction\":[{\"@type\":\"ReadAction\",\"target\":[\"https:\/\/queixalada.cat\/producto\/la-dolca\/\"]}]},{\"@type\":\"ImageObject\",\"inLanguage\":\"es\",\"@id\":\"https:\/\/queixalada.cat\/producto\/la-dolca\/#primaryimage\",\"url\":\"https:\/\/queixalada.cat\/wp-content\/uploads\/La-Dolca.jpg\",\"contentUrl\":\"https:\/\/queixalada.cat\/wp-content\/uploads\/La-Dolca.jpg\",\"width\":1290,\"height\":1315},{\"@type\":\"BreadcrumbList\",\"@id\":\"https:\/\/queixalada.cat\/producto\/la-dolca\/#breadcrumb\",\"itemListElement\":[{\"@type\":\"ListItem\",\"position\":1,\"name\":\"Portada\",\"item\":\"https:\/\/queixalada.cat\/\"},{\"@type\":\"ListItem\",\"position\":2,\"name\":\"Productes\",\"item\":\"https:\/\/queixalada.cat\/productes\/\"},{\"@type\":\"ListItem\",\"position\":3,\"name\":\"LA DOL\u00c7A\"}]},{\"@type\":\"WebSite\",\"@id\":\"https:\/\/queixalada.cat\/es\/#website\",\"url\":\"https:\/\/queixalada.cat\/es\/\",\"name\":\"La Queixalada - Pizzeria i Hamburgueseria Olot\",\"description\":\"\",\"potentialAction\":[{\"@type\":\"SearchAction\",\"target\":{\"@type\":\"EntryPoint\",\"urlTemplate\":\"https:\/\/queixalada.cat\/es\/?s={search_term_string}\"},\"query-input\":{\"@type\":\"PropertyValueSpecification\",\"valueRequired\":true,\"valueName\":\"search_term_string\"}}],\"inLanguage\":\"es\"}]}<\/script>\n<!-- \/ Yoast SEO plugin. -->","yoast_head_json":{"title":"LA DOL\u00c7A - La Queixalada - Pizzeria i Hamburgueseria Olot","robots":{"index":"index","follow":"follow","max-snippet":"max-snippet:-1","max-image-preview":"max-image-preview:large","max-video-preview":"max-video-preview:-1"},"canonical":"https:\/\/queixalada.cat\/es\/producto\/la-dolca\/","og_locale":"es_ES","og_type":"article","og_title":"LA DOL\u00c7A - La Queixalada - Pizzeria i Hamburgueseria Olot","og_description":"Pa bri\u00f2tx, doble carn de vedella, doble de formatge, ceba caramellitzada, bac\u00f3 i salsa rosada","og_url":"https:\/\/queixalada.cat\/es\/producto\/la-dolca\/","og_site_name":"La Queixalada - Pizzeria i Hamburgueseria Olot","article_modified_time":"2026-03-06T07:12:40+00:00","og_image":[{"width":1290,"height":1315,"url":"https:\/\/queixalada.cat\/wp-content\/uploads\/La-Dolca.jpg","type":"image\/jpeg"}],"twitter_card":"summary_large_image","twitter_misc":{"Tiempo de lectura":"1 minuto"},"schema":{"@context":"https:\/\/schema.org","@graph":[{"@type":"WebPage","@id":"https:\/\/queixalada.cat\/producto\/la-dolca\/","url":"https:\/\/queixalada.cat\/producto\/la-dolca\/","name":"LA DOL\u00c7A - La Queixalada - Pizzeria i Hamburgueseria Olot","isPartOf":{"@id":"https:\/\/queixalada.cat\/es\/#website"},"primaryImageOfPage":{"@id":"https:\/\/queixalada.cat\/producto\/la-dolca\/#primaryimage"},"image":{"@id":"https:\/\/queixalada.cat\/producto\/la-dolca\/#primaryimage"},"thumbnailUrl":"https:\/\/queixalada.cat\/wp-content\/uploads\/La-Dolca.jpg","datePublished":"2025-08-28T13:56:35+00:00","dateModified":"2026-03-06T07:12:40+00:00","breadcrumb":{"@id":"https:\/\/queixalada.cat\/producto\/la-dolca\/#breadcrumb"},"inLanguage":"es","potentialAction":[{"@type":"ReadAction","target":["https:\/\/queixalada.cat\/producto\/la-dolca\/"]}]},{"@type":"ImageObject","inLanguage":"es","@id":"https:\/\/queixalada.cat\/producto\/la-dolca\/#primaryimage","url":"https:\/\/queixalada.cat\/wp-content\/uploads\/La-Dolca.jpg","contentUrl":"https:\/\/queixalada.cat\/wp-content\/uploads\/La-Dolca.jpg","width":1290,"height":1315},{"@type":"BreadcrumbList","@id":"https:\/\/queixalada.cat\/producto\/la-dolca\/#breadcrumb","itemListElement":[{"@type":"ListItem","position":1,"name":"Portada","item":"https:\/\/queixalada.cat\/"},{"@type":"ListItem","position":2,"name":"Productes","item":"https:\/\/queixalada.cat\/productes\/"},{"@type":"ListItem","position":3,"name":"LA DOL\u00c7A"}]},{"@type":"WebSite","@id":"https:\/\/queixalada.cat\/es\/#website","url":"https:\/\/queixalada.cat\/es\/","name":"La Queixalada - Pizzeria i Hamburgueseria Olot","description":"","potentialAction":[{"@type":"SearchAction","target":{"@type":"EntryPoint","urlTemplate":"https:\/\/queixalada.cat\/es\/?s={search_term_string}"},"query-input":{"@type":"PropertyValueSpecification","valueRequired":true,"valueName":"search_term_string"}}],"inLanguage":"es"}]}},"_links":{"self":[{"href":"https:\/\/queixalada.cat\/es\/wp-json\/wp\/v2\/product\/3375","targetHints":{"allow":["GET"]}}],"collection":[{"href":"https:\/\/queixalada.cat\/es\/wp-json\/wp\/v2\/product"}],"about":[{"href":"https:\/\/queixalada.cat\/es\/wp-json\/wp\/v2\/types\/product"}],"version-history":[{"count":1,"href":"https:\/\/queixalada.cat\/es\/wp-json\/wp\/v2\/product\/3375\/revisions"}],"predecessor-version":[{"id":3530,"href":"https:\/\/queixalada.cat\/es\/wp-json\/wp\/v2\/product\/3375\/revisions\/3530"}],"wp:featuredmedia":[{"embeddable":true,"href":"https:\/\/queixalada.cat\/es\/wp-json\/wp\/v2\/media\/3529"}],"wp:attachment":[{"href":"https:\/\/queixalada.cat\/es\/wp-json\/wp\/v2\/media?parent=3375"}],"wp:term":[{"taxonomy":"product_brand","embeddable":true,"href":"https:\/\/queixalada.cat\/es\/wp-json\/wp\/v2\/product_brand?post=3375"},{"taxonomy":"product_cat","embeddable":true,"href":"https:\/\/queixalada.cat\/es\/wp-json\/wp\/v2\/product_cat?post=3375"},{"taxonomy":"product_tag","embeddable":true,"href":"https:\/\/queixalada.cat\/es\/wp-json\/wp\/v2\/product_tag?post=3375"}],"curies":[{"name":"wp","href":"https:\/\/api.w.org\/{rel}","templated":true}]}}